{"id":11360,"date":"2023-08-09T09:36:32","date_gmt":"2023-08-09T08:36:32","guid":{"rendered":"http:\/\/evo2design.com\/nem\/?page_id=11360"},"modified":"2025-04-02T18:54:16","modified_gmt":"2025-04-02T17:54:16","slug":"politica-de-cookies","status":"publish","type":"page","link":"https:\/\/nemgroup.net\/es\/politica-de-cookies\/","title":{"rendered":"Politica de Cookies"},"content":{"rendered":"<div class=\"fusion-fullwidth fullwidth-box fusion-builder-row-1 fusion-flex-container has-pattern-background has-mask-background nonhundred-percent-fullwidth non-hundred-percent-height-scrolling\" style=\"--awb-border-radius-top-left:0px;--awb-border-radius-top-right:0px;--awb-border-radius-bottom-right:0px;--awb-border-radius-bottom-left:0px;--awb-margin-top:50px;--awb-margin-bottom:50px;--awb-margin-bottom-small:20px;--awb-flex-wrap:wrap;\" ><div class=\"fusion-builder-row fusion-row fusion-flex-align-items-flex-start fusion-flex-justify-content-center fusion-flex-content-wrap\" style=\"max-width:calc( 1365px + 0px );margin-left: calc(-0px \/ 2 );margin-right: calc(-0px \/ 2 );\"><div class=\"fusion-layout-column fusion_builder_column fusion-builder-column-0 fusion_builder_column_4_5 4_5 fusion-flex-column\" style=\"--awb-bg-size:cover;--awb-width-large:80%;--awb-margin-top-large:20px;--awb-spacing-right-large:calc( 0 * calc( 100% - 0px ) );--awb-margin-bottom-large:30px;--awb-spacing-left-large:calc( 0 * calc( 100% - 0px ) );--awb-width-medium:80%;--awb-order-medium:0;--awb-spacing-right-medium:calc( 0 * calc( 100% - 0px ) );--awb-spacing-left-medium:calc( 0 * calc( 100% - 0px ) );--awb-width-small:100%;--awb-order-small:0;--awb-spacing-right-small:0px;--awb-spacing-left-small:0px;\" data-motion-effects=\"[{&quot;type&quot;:&quot;&quot;,&quot;scroll_type&quot;:&quot;transition&quot;,&quot;scroll_direction&quot;:&quot;up&quot;,&quot;transition_speed&quot;:&quot;1&quot;,&quot;fade_type&quot;:&quot;in&quot;,&quot;scale_type&quot;:&quot;up&quot;,&quot;initial_scale&quot;:&quot;1&quot;,&quot;max_scale&quot;:&quot;1.5&quot;,&quot;min_scale&quot;:&quot;0.5&quot;,&quot;initial_rotate&quot;:&quot;0&quot;,&quot;end_rotate&quot;:&quot;30&quot;,&quot;initial_blur&quot;:&quot;0&quot;,&quot;end_blur&quot;:&quot;3&quot;,&quot;start_element&quot;:&quot;top&quot;,&quot;start_viewport&quot;:&quot;bottom&quot;,&quot;end_element&quot;:&quot;bottom&quot;,&quot;end_viewport&quot;:&quot;top&quot;,&quot;mouse_effect&quot;:&quot;track&quot;,&quot;mouse_effect_direction&quot;:&quot;opposite&quot;,&quot;mouse_effect_speed&quot;:&quot;2&quot;,&quot;infinite_animation&quot;:&quot;float&quot;,&quot;infinite_animation_speed&quot;:&quot;2&quot;}]\" data-scroll-devices=\"small-visibility,medium-visibility,large-visibility\"><div class=\"fusion-column-wrapper fusion-column-has-shadow fusion-flex-justify-content-flex-start fusion-content-layout-column\"><div class=\"fusion-text fusion-text-1 fusion-animated fusion-text-no-margin\" style=\"--awb-margin-bottom:0px;\" data-animationType=\"fadeInUp\" data-animationDuration=\"0.3\" data-animationDelay=\"0.3\" data-animationOffset=\"top-into-view\"><h4>C\u00f3mo utilizamos las cookies para mejorar su experiencia de navegaci\u00f3n en este sitio web<\/h4>\n<p style=\"text-align: justify;\">En esta Pol\u00edtica de Cookies, cualquier uso de las palabras \u00abusted\u00bb, \u00absuyo\u00bb o expresiones similares significar\u00e1 cualquier usuario de este sitio web en absoluto. T\u00e9rminos como \u00abnosotros\u00bb, \u00abnos\u00bb, \u00abnuestra\u00bb o expresiones similares significar\u00e1n <strong>NEM Motors<\/strong>.<\/p>\n<p style=\"text-align: justify;\">Las cookies son peque\u00f1as piezas de informaci\u00f3n que su navegador almacena en el disco duro de su ordenador. A menudo se usan como un mecanismo para que los sitios web recuerden informaci\u00f3n \u00fatil, como sus datos de inicio de sesi\u00f3n, y pueden contribuir a la facilidad de uso cuando navegan en un sitio web. Nuestras cookies no pueden identificarlo personalmente.<\/p>\n<p style=\"text-align: justify;\">Para obtener m\u00e1s informaci\u00f3n sobre las cookies en general, haga clic <a class=\"text-link\" href=\"http:\/\/www.whatarecookies.com\/\" target=\"_blank\" rel=\"noopener noreferrer\">aqu\u00ed<\/a>.<\/p>\n<h4>C\u00f3mo usamos las cookies<\/h4>\n<p style=\"text-align: justify;\">Las cookies en nuestro sitio web se utilizan para una variedad de prop\u00f3sitos diferentes, pero en general su uso se divide en las siguientes categor\u00edas:<\/p>\n<ul>\n<li>Cookies estrictamente necesarias: son necesarias para el funcionamiento de nuestro sitio web. Incluyen, por ejemplo, cookies que le permiten iniciar sesi\u00f3n en \u00e1reas seguras de nuestro sitio web.<\/li>\n<li>Cookies anal\u00edticas \/ de rendimiento: nos permiten reconocer y contar la cantidad de usuarios de nuestro sitio web y ver c\u00f3mo navegan esos usuarios a trav\u00e9s de nuestro sitio web. Esto ayuda a mejorar el funcionamiento de nuestro sitio web, por ejemplo, asegurando que los usuarios puedan encontrar lo que buscan f\u00e1cilmente.<\/li>\n<li>Cookies de funcionalidad: mejoran el rendimiento funcional de nuestro sitio web y lo hacen m\u00e1s f\u00e1cil de usar. Por ejemplo, tales cookies se utilizan para recordar que usted ha visitado previamente el sitio web y le solicit\u00f3 que permanezca conectado a \u00e9l, o su preferencia de idioma.<\/li>\n<li>Cookies de marketing: Las cookies de marketing se utilizan para realizar un seguimiento de los visitantes en los sitios web. La intenci\u00f3n es mostrar anuncios que sean relevantes y atractivos para el usuario individual y, por lo tanto, m\u00e1s valiosos para los editores y los anunciantes de terceros.<\/li>\n<li>Cookies sin clasificar: las cookies sin clasificar son cookies que estamos en proceso de clasificar, junto con los proveedores de cookies individuales.<\/li>\n<\/ul>\n<p style=\"text-align: justify;\">La siguiente tabla enumera el uso de cookies en nuestro sitio web:<\/p>\n<h4>Gesti\u00f3n de las cookies<\/h4>\n<h5 style=\"color: #05d200;\">Cookies Anal\u00edticas \/ de Rendimiento<\/h5>\n<table class=\"cookie-table\">\n<tbody>\n<tr>\n<td><strong>Nombre de cookie:<\/strong> cookielawinfo-checkbox-necessary<br \/>\n<strong>Provedor:<\/strong> nemmotors.com<br \/>\n<strong>Tipo:<\/strong> Cookie HTTP<br \/>\n<strong>Expiraci\u00f3n:<\/strong> Sesi\u00f3n<br \/>\n<strong>Prop\u00f3sito:<\/strong> Esta cookie realiza un seguimiento de las cookies que aprob\u00f3.<\/td>\n<\/tr>\n<tr>\n<td><strong>Nombre de cookie:<\/strong> cookielawinfo-checkbox-non-necessary<br \/>\n<strong>Provedor:<\/strong> nemmotors.com<br \/>\n<strong>Tipo:<\/strong> Cookie HTTP<br \/>\n<strong>Expiraci\u00f3n:<\/strong> 1 a\u00f1o<br \/>\n<strong>Prop\u00f3sito:<\/strong> Esta cookie realiza un seguimiento de las cookies que aprob\u00f3.<\/td>\n<\/tr>\n<\/tbody>\n<\/table>\n<h5>Cookies de Funcionalidad<\/h5>\n<table class=\"cookie-table\">\n<tbody>\n<tr>\n<td><strong>Nombre de cookie:<\/strong> pll_language<br \/>\n<strong>Provedor:<\/strong> nemmotors.com<br \/>\n<strong>Tipo:<\/strong> Cookie HTTP<br \/>\n<strong>Expiraci\u00f3n:<\/strong> 1 a\u00f1o<br \/>\n<strong>Prop\u00f3sito:<\/strong> Esta cookie almacena el c\u00f3digo que necesita para almacenar su preferencia de idioma cuando navega por nuestro sitio.<\/td>\n<\/tr>\n<\/tbody>\n<\/table>\n<\/div><\/div><\/div><\/div><\/div>\n","protected":false},"excerpt":{"rendered":"","protected":false},"author":1,"featured_media":0,"parent":0,"menu_order":0,"comment_status":"closed","ping_status":"closed","template":"100-width.php","meta":{"footnotes":""},"class_list":["post-11360","page","type-page","status-publish","hentry"],"acf":[],"_links":{"self":[{"href":"https:\/\/nemgroup.net\/es\/wp-json\/wp\/v2\/pages\/11360","targetHints":{"allow":["GET"]}}],"collection":[{"href":"https:\/\/nemgroup.net\/es\/wp-json\/wp\/v2\/pages"}],"about":[{"href":"https:\/\/nemgroup.net\/es\/wp-json\/wp\/v2\/types\/page"}],"author":[{"embeddable":true,"href":"https:\/\/nemgroup.net\/es\/wp-json\/wp\/v2\/users\/1"}],"replies":[{"embeddable":true,"href":"https:\/\/nemgroup.net\/es\/wp-json\/wp\/v2\/comments?post=11360"}],"version-history":[{"count":4,"href":"https:\/\/nemgroup.net\/es\/wp-json\/wp\/v2\/pages\/11360\/revisions"}],"predecessor-version":[{"id":14293,"href":"https:\/\/nemgroup.net\/es\/wp-json\/wp\/v2\/pages\/11360\/revisions\/14293"}],"wp:attachment":[{"href":"https:\/\/nemgroup.net\/es\/wp-json\/wp\/v2\/media?parent=11360"}],"curies":[{"name":"wp","href":"https:\/\/api.w.org\/{rel}","templated":true}]}}